{"id":22,"date":"2020-08-27T13:14:16","date_gmt":"2020-08-27T11:14:16","guid":{"rendered":"http:\/\/san-hilario.es\/?page_id=22"},"modified":"2025-10-01T12:35:15","modified_gmt":"2025-10-01T10:35:15","slug":"catequesis","status":"publish","type":"page","link":"https:\/\/san-hilario.es\/index.php\/catequesis\/","title":{"rendered":"Catequesis"},"content":{"rendered":"\n<p>La finalidad de la catequesis es que todo hombre y mujer puedan experimentar la presencia de Dios en sus vidas. Es un camino de <strong>crecimiento y maduraci\u00f3n en la fe<\/strong> en un contexto <strong>comunitario-eclesial<\/strong> que forma la mente y toca el coraz\u00f3n llevando a la persona a abrazar a Cristo de modo pleno. Por medio de la catequesis podemos captar el plan de Dios-Padre centrado en la persona de Cristo en la propia vida cotidiana; adem\u00e1s de descubrir el significado \u00faltimo de la existencia y de la historia.<\/p>\n\n\n\n<p>Vemos la catequesis como un proceso continuado, no sectorial ni para el sacramento, sino para vida desde la comunidad cristiana.<\/p>\n\n\n\n<p>Toda la comunidad cristiana es la responsable de la catequesis, ya que la catequesis es un aspecto de la evangelizaci\u00f3n. Y la Iglesia toda es la que evangeliza, aunque hay que rese\u00f1ar, de manera especial, la labor del catequista.<\/p>\n\n\n\n<p><em>\u201cLa Iglesia reconoce en el catequista una forma de ministerio que, a lo largo de la historia, ha permitido que Jes\u00fas sea conocido de generaci\u00f3n en generaci\u00f3n. La Iglesia ve en esta porci\u00f3n del Pueblo de Dios a esa cadena de testigos de la que nos habla el Catecismo de la Iglesia Cat\u00f3lica: El creyente que ha recibido la fe de otro es como un eslab\u00f3n en la gran cadena de los creyentes. Yo no puedo creer sin ser sostenido por la fe de los otros, y por mi fe yo contribuyo a sostener la fe de los otros\u201d.<\/em> (Papa Francisco).<\/p>\n\n\n\n<p><strong>Para ni\u00f1os y ni\u00f1as<\/strong>: <br>          Domingos de 10:45 a 11:45 h (a las 12 h, Eucarist\u00eda)<\/p>\n\n\n\n<p><strong>Para preadolescentes<\/strong>:<br>          Domingos de 13:00 a 14:00 h<\/p>\n\n\n\n<p><strong>Para j\u00f3venes<\/strong>:<br>          Domingos por la tarde.<\/p>\n\n\n\n<p><strong>Para padres:<\/strong><br>          Domingo alternos, dos grupos, uno a las 11:00 y otro a las 13:00 h.<\/p>\n\n\n\n<p><strong>Iniciaci\u00f3n cristiana para adultos<\/strong> (diversos grupos)<\/p>\n\n\n\n<p><strong>Lectio divina sobre las par\u00e1bolas y cartas de<\/strong> <strong>San Pablo<\/strong> <br>          jueves de 19:45 a 20:45 h<\/p>\n\n\n\n<p><strong>Vida Ascendente<\/strong><br>          Mi\u00e9rcoles de 17:30 a 18:30 h<\/p>\n\n\n\n<p><strong>Curso de Biblia<\/strong><br>          Viernes de 19:45 a 21:00 h<\/p>\n\n\n\n<p><strong>Grupo de oraci\u00f3n y formaci\u00f3n<\/strong><br>           <\/p>\n\n\n\n<p><strong>Catequesis de preparaci\u00f3n a los sacramentos<\/strong><br><strong>Bautismo<\/strong>. 1\u00ba y 2\u00ba s\u00e1bado de mes de 17:30 a 18:30 h<br><strong>Matrimonio<\/strong> (avisar  con tres meses de antelaci\u00f3n y en ese momento se concretar\u00e1 la fecha del cursillo en el que participar\u00e1n los novios)<br><strong>Equipo de catequistas de infancia<\/strong>. 4\u00ba domingo de cada mes a las 12:45 h<br><strong>Equipo de catequistas de \u00abpreas\u00bb y j\u00f3venes.<\/strong><\/p>\n","protected":false},"excerpt":{"rendered":"<p>La finalidad de la catequesis es que todo hombre y mujer puedan experimentar la presencia de Dios en sus vidas.&hellip;<\/p>\n","protected":false},"author":1,"featured_media":232,"parent":0,"menu_order":0,"comment_status":"closed","ping_status":"closed","template":"","meta":{"footnotes":""},"class_list":["post-22","page","type-page","status-publish","has-post-thumbnail","hentry"],"_links":{"self":[{"href":"https:\/\/san-hilario.es\/index.php\/wp-json\/wp\/v2\/pages\/22","targetHints":{"allow":["GET"]}}],"collection":[{"href":"https:\/\/san-hilario.es\/index.php\/wp-json\/wp\/v2\/pages"}],"about":[{"href":"https:\/\/san-hilario.es\/index.php\/wp-json\/wp\/v2\/types\/page"}],"author":[{"embeddable":true,"href":"https:\/\/san-hilario.es\/index.php\/wp-json\/wp\/v2\/users\/1"}],"replies":[{"embeddable":true,"href":"https:\/\/san-hilario.es\/index.php\/wp-json\/wp\/v2\/comments?post=22"}],"version-history":[{"count":5,"href":"https:\/\/san-hilario.es\/index.php\/wp-json\/wp\/v2\/pages\/22\/revisions"}],"predecessor-version":[{"id":1393,"href":"https:\/\/san-hilario.es\/index.php\/wp-json\/wp\/v2\/pages\/22\/revisions\/1393"}],"wp:featuredmedia":[{"embeddable":true,"href":"https:\/\/san-hilario.es\/index.php\/wp-json\/wp\/v2\/media\/232"}],"wp:attachment":[{"href":"https:\/\/san-hilario.es\/index.php\/wp-json\/wp\/v2\/media?parent=22"}],"curies":[{"name":"wp","href":"https:\/\/api.w.org\/{rel}","templated":true}]}}