{"id":24,"date":"2020-08-27T13:18:04","date_gmt":"2020-08-27T11:18:04","guid":{"rendered":"http:\/\/san-hilario.es\/?page_id=24"},"modified":"2020-09-08T17:31:34","modified_gmt":"2020-09-08T15:31:34","slug":"infancia","status":"publish","type":"page","link":"https:\/\/san-hilario.es\/index.php\/catequesis\/infancia\/","title":{"rendered":"Infancia"},"content":{"rendered":"\n<h4 class=\"wp-block-heading\">CATEQUESIS DE INICIACI\u00d3N (INFANCIA)<\/h4>\n\n\n\n<p>Es el periodo en que los ni\u00f1os est\u00e1n abri\u00e9ndose al mundo, aprendiendo y viviendo m\u00faltiples experiencias coincide con la etapa del \u201cdespertar religioso\u201d y los primeros pasos de la iniciaci\u00f3n cristiana. Periodo en el que se desarrollan b\u00e1sicamente: el descubrimiento de la figura de Dios como Padre que nos conoce, sabe nuestro nombre, nos cuida, nos acompa\u00f1a y nos quiere, la invitaci\u00f3n a ver la creaci\u00f3n como obra de Dios y darle gracias por la vida y por todos los dones. El acercamiento a Jes\u00fas y al estilo de vida que propone a los ni\u00f1os. La preparaci\u00f3n para participar en las celebraciones comunitarias de la fe, con sentido de pertenencia, y el compromiso de llevar a la vida lo que han descubierto y celebrado desde la fe.<\/p>\n\n\n\n<p>Esta primera etapa dura tres a\u00f1os. Comienzan en segundo curso de primaria. Dura tres cursos y est\u00e1n acompa\u00f1ados por el mismo catequista.<\/p>\n\n\n\n<p>Es fundamental la colaboraci\u00f3n de la familia y de la parroquia-comunidad de referencia.<\/p>\n","protected":false},"excerpt":{"rendered":"<p>CATEQUESIS DE INICIACI\u00d3N (INFANCIA) Es el periodo en que los ni\u00f1os est\u00e1n abri\u00e9ndose al mundo, aprendiendo y viviendo m\u00faltiples experiencias&hellip;<\/p>\n","protected":false},"author":1,"featured_media":0,"parent":22,"menu_order":0,"comment_status":"closed","ping_status":"closed","template":"","meta":{"footnotes":""},"class_list":["post-24","page","type-page","status-publish","hentry"],"_links":{"self":[{"href":"https:\/\/san-hilario.es\/index.php\/wp-json\/wp\/v2\/pages\/24","targetHints":{"allow":["GET"]}}],"collection":[{"href":"https:\/\/san-hilario.es\/index.php\/wp-json\/wp\/v2\/pages"}],"about":[{"href":"https:\/\/san-hilario.es\/index.php\/wp-json\/wp\/v2\/types\/page"}],"author":[{"embeddable":true,"href":"https:\/\/san-hilario.es\/index.php\/wp-json\/wp\/v2\/users\/1"}],"replies":[{"embeddable":true,"href":"https:\/\/san-hilario.es\/index.php\/wp-json\/wp\/v2\/comments?post=24"}],"version-history":[{"count":2,"href":"https:\/\/san-hilario.es\/index.php\/wp-json\/wp\/v2\/pages\/24\/revisions"}],"predecessor-version":[{"id":277,"href":"https:\/\/san-hilario.es\/index.php\/wp-json\/wp\/v2\/pages\/24\/revisions\/277"}],"up":[{"embeddable":true,"href":"https:\/\/san-hilario.es\/index.php\/wp-json\/wp\/v2\/pages\/22"}],"wp:attachment":[{"href":"https:\/\/san-hilario.es\/index.php\/wp-json\/wp\/v2\/media?parent=24"}],"curies":[{"name":"wp","href":"https:\/\/api.w.org\/{rel}","templated":true}]}}