{"id":39,"date":"2020-08-27T16:49:22","date_gmt":"2020-08-27T14:49:22","guid":{"rendered":"http:\/\/san-hilario.es\/?page_id=39"},"modified":"2020-08-29T13:10:21","modified_gmt":"2020-08-29T11:10:21","slug":"formacion-cristiana-de-adultos","status":"publish","type":"page","link":"https:\/\/san-hilario.es\/index.php\/formacion-cristiana-de-adultos\/","title":{"rendered":"Formaci\u00f3n de Adultos"},"content":{"rendered":"\n<p>Todos necesitamos de formaci\u00f3n permanente a lo largo de la vida, para crecer como creyentes, para conocer m\u00e1s y mejor a Dios y, as\u00ed, amarle m\u00e1s.<\/p>\n\n\n\n<p>En un mundo de tan extraordinarios avances cient\u00edficos; un mundo en el que todo se cuestiona y se pone en entredicho, hemos de estar preparados para &nbsp;saber dar raz\u00f3n de nuestra fe y de nuestra esperanza. Necesitamos superar los miedos a confrontar ciencia y fe; no est\u00e1n re\u00f1idas, no son excluyentes, cada una tiene su campo y ambas se complementan.<\/p>\n\n\n\n<p>Por desgracia, muchos cristianos no sienten necesidad de formaci\u00f3n; en ellos a\u00fan predomina la fe sociol\u00f3gica, (tradici\u00f3n y costumbre), y siguen funcionando, en su adultez, con lo aprendido en la infancia, imposibilitando dar respuesta a los planteamientos de vida de adulto.<\/p>\n\n\n\n<p>La vida bautismal implica un proceso permanente de conversi\u00f3n al Evangelio de Jesucristo, que se desarrolla en relaci\u00f3n con las distintas situaciones y acontecimientos que configuran la vida de la persona. En este dinamismo se inscribe la formaci\u00f3n cristiana que te ofrecemos desde nuestra comunidad.<\/p>\n","protected":false},"excerpt":{"rendered":"<p>Todos necesitamos de formaci\u00f3n permanente a lo largo de la vida, para crecer como creyentes, para conocer m\u00e1s y mejor&hellip;<\/p>\n","protected":false},"author":1,"featured_media":231,"parent":0,"menu_order":0,"comment_status":"closed","ping_status":"closed","template":"","meta":{"footnotes":""},"class_list":["post-39","page","type-page","status-publish","has-post-thumbnail","hentry"],"_links":{"self":[{"href":"https:\/\/san-hilario.es\/index.php\/wp-json\/wp\/v2\/pages\/39","targetHints":{"allow":["GET"]}}],"collection":[{"href":"https:\/\/san-hilario.es\/index.php\/wp-json\/wp\/v2\/pages"}],"about":[{"href":"https:\/\/san-hilario.es\/index.php\/wp-json\/wp\/v2\/types\/page"}],"author":[{"embeddable":true,"href":"https:\/\/san-hilario.es\/index.php\/wp-json\/wp\/v2\/users\/1"}],"replies":[{"embeddable":true,"href":"https:\/\/san-hilario.es\/index.php\/wp-json\/wp\/v2\/comments?post=39"}],"version-history":[{"count":3,"href":"https:\/\/san-hilario.es\/index.php\/wp-json\/wp\/v2\/pages\/39\/revisions"}],"predecessor-version":[{"id":239,"href":"https:\/\/san-hilario.es\/index.php\/wp-json\/wp\/v2\/pages\/39\/revisions\/239"}],"wp:featuredmedia":[{"embeddable":true,"href":"https:\/\/san-hilario.es\/index.php\/wp-json\/wp\/v2\/media\/231"}],"wp:attachment":[{"href":"https:\/\/san-hilario.es\/index.php\/wp-json\/wp\/v2\/media?parent=39"}],"curies":[{"name":"wp","href":"https:\/\/api.w.org\/{rel}","templated":true}]}}