{"id":5,"date":"2020-08-27T10:42:06","date_gmt":"2020-08-27T08:42:06","guid":{"rendered":"http:\/\/san-hilario.es\/?page_id=5"},"modified":"2025-10-02T20:24:29","modified_gmt":"2025-10-02T18:24:29","slug":"portada","status":"publish","type":"page","link":"https:\/\/san-hilario.es\/","title":{"rendered":"Inicio"},"content":{"rendered":"\n<h3 class=\"wp-block-heading\"><\/h3>\n\n\n\n<h3 class=\"wp-block-heading\"><strong>Queridos amigos y amigas:<\/strong><\/h3>\n\n\n\n<p>Ojal\u00e1 que, a lo largo de estos meses de verano, con mucho calor, todos<br>hayamos podido disfrutar de unos d\u00edas de descanso, de convivencia familiar<br>intensa, de encuentro con los amigos, de vuelta a las ra\u00edces. Que haya sido<br>tiempo oportuno para recuperar fuerzas con las que comenzar el nuevo curso<br>con entusiasmo, ilusi\u00f3n y alegr\u00eda.<br>Seguro que nos hemos echado en falta o, como dir\u00edan otros<br>hispanohablantes, extra\u00f1ado; pues bien, aqu\u00ed estamos, de nuevo, dispuestos a<br>disfrutar de la oportunidad que tenemos por delante para crecer y mejorar<br>como personas, como miembros de esta comunidad y como parte de una<br>sociedad que necesita de cada uno de nosotros, para no estancarse en la<br>monoton\u00eda, la indiferencia y la frustraci\u00f3n. Bienvenidos y bienvenidas a la senda<br>de la esperanza.<br>En palabras del Papa Francisco, te invito a so\u00f1ar, a que no tengas miedo a<br>so\u00f1ar. Sue\u00f1a con un mundo que todav\u00eda no se ve pero que ciertamente vendr\u00e1.<br>La esperanza nos lleva a creer en la existencia de una creaci\u00f3n que se extiende<br>hasta el cumplimiento definitivo, cuando Dios sea todo en todos. Vive, ama,<br>cree, sue\u00f1a, trabaja tus sue\u00f1os y no desesperes nunca. Las personas capaces de<br>so\u00f1ar han hecho a la humanidad grandes regalos; tambi\u00e9n el regalo de la paz.<br>Como cada comienzo de curso, te presentamos el calendario con los<br>horarios, las celebraciones y las actividades a desarrollar, con el fin de que nos<br>ayuden a dar sentido a nuestro vivir personal y comunitario en el d\u00eda a d\u00eda.<br>Este curso pondremos mayor esfuerzo en dos aspectos:<br>1.- Ser una parroquia como lugar de encuentro y acogida, lugar donde<br>quepamos todos, con nuestras situaciones personales y familiares, las<br>distintas procedencias, la diversidad cultural, diferentes creencias, etc., que<br>no entorpecen, sino que enriquecen y complementan.<br>2.- Trabajar por la paz en todos los campos y aspectos. No podemos caer en<br>la indiferencia o en el lamento in\u00fatil, ante tanta violencia, tanta agresividad y<br>los desastres de la guerra, en tantos lugares del mundo. Debemos ser<br>constructores de la paz, siempre y en todos los \u00e1mbitos de la vida personal,<br>familiar, comunitario, social, etc. Como primer paso, los cuartos martes de<br>cada mes a partir de octubre, la oraci\u00f3n comunitaria ser\u00e1 una vigilia de<br>oraci\u00f3n por la PAZ en cualesquiera de los campos, preparada por alguno de<br>los grupos parroquiales.<br>Aprovecha los medios que te ofrece esa comunidad y si\u00e9ntete parte activa<br>de la misma.<br>Recibid un cordial saludo y a caminar en esperanza.<\/p>\n\n\n\n<div class=\"wp-block-group\"><div class=\"wp-block-group__inner-container is-layout-flow wp-block-group-is-layout-flow\">\n<div class=\"wp-block-group\"><div class=\"wp-block-group__inner-container is-layout-flow wp-block-group-is-layout-flow\">\n<div class=\"wp-block-group\"><div class=\"wp-block-group__inner-container is-layout-flow wp-block-group-is-layout-flow\">\n<div class=\"wp-block-group\"><div class=\"wp-block-group__inner-container is-layout-flow wp-block-group-is-layout-flow\">\n<p class=\"has-text-align-right\"><em><strong>Quienquiera que seas<\/strong>,<\/em><br><em>que te has acercado a esta comunidad,<\/em><br><em>quienquiera que seas<strong> DIOS TE ACOGE<\/strong><\/em><br><em>con tus alegr\u00edas y tus penas,<\/em><br><em>tus \u00e9xitos y tus fracasos,<\/em><br><em>con tus esperanzas y tus decepciones\u2026<\/em><br><em><strong>\u00a1S\u00c9 BIENVENIDO!<\/strong><\/em><br><em>Otras muchas personas acuden tambi\u00e9n a esta comunidad:<\/em><br><em>Si eres creyente, ora;<\/em><br><em>si buscas, reflexiona;<\/em><br><em>si dudas, pide luz\u00b4;<\/em><br><em>si sufres pide fuerza;<\/em><br><em>si est\u00e1s alegre, da gracias;<\/em><br><em>y \u00a1ojal\u00e1 puedas estar siempre alegre!<\/em><br><em>En esta comunidad<\/em><br><em>tambi\u00e9n podr\u00e1s encontrar hermanos y hermanas,<\/em><br><em>que quieren que te sientas acogido\/a.<\/em><br><em>\u00a1Que el paso por esta comunidad<\/em><br><em>caliente tu coraz\u00f3n y alegre tus ojos!<\/em><br><em>Quienquiera que seas, Dios te acoge<\/em><br><em>\u00a1Ac\u00f3gele tambi\u00e9n t\u00fa a \u00c9l!<\/em><\/p>\n<\/div><\/div>\n<\/div><\/div>\n<\/div><\/div>\n<\/div><\/div>\n\n\n\n<p><\/p>\n","protected":false},"excerpt":{"rendered":"<p>Queridos amigos y amigas: Ojal\u00e1 que, a lo largo de estos meses de verano, con mucho calor, todoshayamos podido disfrutar&hellip;<\/p>\n","protected":false},"author":1,"featured_media":16,"parent":0,"menu_order":0,"comment_status":"closed","ping_status":"closed","template":"","meta":{"footnotes":""},"class_list":["post-5","page","type-page","status-publish","has-post-thumbnail","hentry"],"_links":{"self":[{"href":"https:\/\/san-hilario.es\/index.php\/wp-json\/wp\/v2\/pages\/5","targetHints":{"allow":["GET"]}}],"collection":[{"href":"https:\/\/san-hilario.es\/index.php\/wp-json\/wp\/v2\/pages"}],"about":[{"href":"https:\/\/san-hilario.es\/index.php\/wp-json\/wp\/v2\/types\/page"}],"author":[{"embeddable":true,"href":"https:\/\/san-hilario.es\/index.php\/wp-json\/wp\/v2\/users\/1"}],"replies":[{"embeddable":true,"href":"https:\/\/san-hilario.es\/index.php\/wp-json\/wp\/v2\/comments?post=5"}],"version-history":[{"count":26,"href":"https:\/\/san-hilario.es\/index.php\/wp-json\/wp\/v2\/pages\/5\/revisions"}],"predecessor-version":[{"id":1402,"href":"https:\/\/san-hilario.es\/index.php\/wp-json\/wp\/v2\/pages\/5\/revisions\/1402"}],"wp:featuredmedia":[{"embeddable":true,"href":"https:\/\/san-hilario.es\/index.php\/wp-json\/wp\/v2\/media\/16"}],"wp:attachment":[{"href":"https:\/\/san-hilario.es\/index.php\/wp-json\/wp\/v2\/media?parent=5"}],"curies":[{"name":"wp","href":"https:\/\/api.w.org\/{rel}","templated":true}]}}