{"id":57,"date":"2020-08-27T17:17:54","date_gmt":"2020-08-27T15:17:54","guid":{"rendered":"http:\/\/san-hilario.es\/?page_id=57"},"modified":"2020-09-11T19:20:22","modified_gmt":"2020-09-11T17:20:22","slug":"accion-social-y-caritativa","status":"publish","type":"page","link":"https:\/\/san-hilario.es\/index.php\/accion-social-y-caritativa\/","title":{"rendered":"Acci\u00f3n Social y Caritativa"},"content":{"rendered":"\n<p>La Caridad es una dimensi\u00f3n esencial, constitutiva de nuestra vida cristiana y eclesial, que compete a cada uno en particular y a toda la comunidad. El amor al pr\u00f3jimo enraizado en el Amor a Dios es tarea para cada fiel, pero lo es tambi\u00e9n para toda la comunidad eclesial llamada a dar testimonio de la misericordia de Dios.<\/p>\n\n\n\n<p>Es necesario que la comunidad cristiana sea el verdadero sujeto eclesial de la caridad y toda ella se sienta implicada en el servicio a los pobres; porque desde el ejercicio de la caridad, la Comunidad cristiana se hace sacramento del amor de Dios para los hombres en medio del mundo.<\/p>\n\n\n\n<p>La Iglesia es caridad. Lo ha sido, lo es y lo debe seguir siendo siempre, si quiere ser la Iglesia de Cristo que dio su vida por todos. Ha de estar atenta a las necesidades materiales, ps\u00edquicas y espirituales no s\u00f3lo de los miembros de la propia comunidad, sino del entorno (Arciprestazgo), de la Vicar\u00eda, de la sociedad en general y del mundo empobrecido, de cerca o de lejos.<\/p>\n","protected":false},"excerpt":{"rendered":"<p>La Caridad es una dimensi\u00f3n esencial, constitutiva de nuestra vida cristiana y eclesial, que compete a cada uno en particular&hellip;<\/p>\n","protected":false},"author":1,"featured_media":127,"parent":0,"menu_order":0,"comment_status":"closed","ping_status":"closed","template":"","meta":{"footnotes":""},"class_list":["post-57","page","type-page","status-publish","has-post-thumbnail","hentry"],"_links":{"self":[{"href":"https:\/\/san-hilario.es\/index.php\/wp-json\/wp\/v2\/pages\/57","targetHints":{"allow":["GET"]}}],"collection":[{"href":"https:\/\/san-hilario.es\/index.php\/wp-json\/wp\/v2\/pages"}],"about":[{"href":"https:\/\/san-hilario.es\/index.php\/wp-json\/wp\/v2\/types\/page"}],"author":[{"embeddable":true,"href":"https:\/\/san-hilario.es\/index.php\/wp-json\/wp\/v2\/users\/1"}],"replies":[{"embeddable":true,"href":"https:\/\/san-hilario.es\/index.php\/wp-json\/wp\/v2\/comments?post=57"}],"version-history":[{"count":2,"href":"https:\/\/san-hilario.es\/index.php\/wp-json\/wp\/v2\/pages\/57\/revisions"}],"predecessor-version":[{"id":242,"href":"https:\/\/san-hilario.es\/index.php\/wp-json\/wp\/v2\/pages\/57\/revisions\/242"}],"wp:featuredmedia":[{"embeddable":true,"href":"https:\/\/san-hilario.es\/index.php\/wp-json\/wp\/v2\/media\/127"}],"wp:attachment":[{"href":"https:\/\/san-hilario.es\/index.php\/wp-json\/wp\/v2\/media?parent=57"}],"curies":[{"name":"wp","href":"https:\/\/api.w.org\/{rel}","templated":true}]}}