{"id":65,"date":"2020-08-27T17:21:46","date_gmt":"2020-08-27T15:21:46","guid":{"rendered":"http:\/\/san-hilario.es\/?page_id=65"},"modified":"2025-10-12T12:20:16","modified_gmt":"2025-10-12T10:20:16","slug":"lectura-continuada-del-evangelio","status":"publish","type":"page","link":"https:\/\/san-hilario.es\/index.php\/formacion-cristiana-de-adultos\/lectura-continuada-del-evangelio\/","title":{"rendered":"Lectio divina  sobre las par\u00e1bolas y cartas de Pablo"},"content":{"rendered":"\n<h6 class=\"has-text-align-right wp-block-heading\">Horario: Jueves de 19:45 a 20.45 h.<\/h6>\n\n\n\n<p><\/p>\n\n\n\n<h3 class=\"wp-block-heading\">Lectio divina sobre las par\u00e1bolas y cartas de San Pablo<\/h3>\n\n\n\n<p>Nuestro objetivo es animar a participantes a adentrarse m\u00e1s profundamente en el mensaje de Jes\u00fas, a familiarizarse con \u00e9l y a plantearse interrogantes sobre las consecuencias que tiene para su vida.<\/p>\n\n\n\n<p>Para que el mensaje liberador de Jes\u00fas pueda influir en nuestra vida, hemos de realizar un di\u00e1logo constante con \u00e9l. Este di\u00e1logo se realiza tanto entre el texto sagrado y el lector como entre los lectores entre s\u00ed. S\u00f3lo en di\u00e1logo dentro del grupo llegaremos a formas comunes de comprensi\u00f3n que nos lleven a comportamientos responsables apoyados en la fe.<\/p>\n\n\n\n<p>Para la comprensi\u00f3n del texto se llevan a cabo tres pasos: \u201cconfiguraci\u00f3n del texto\u201d, \u201cexplicaci\u00f3n del texto\u201d y \u201cpautas de acci\u00f3n\u201d.<\/p>\n\n\n\n<p>Nos reunimos los jueves de 19:45 a 20:45 h. Est\u00e1s invitado\/a a vivir juntos este encuentro con la Palabra, en el que siempre encontrar\u00e1s un mensaje novedoso para ti<\/p>\n","protected":false},"excerpt":{"rendered":"<p>Horario: Jueves de 19:45 a 20.45 h. Lectio divina sobre las par\u00e1bolas y cartas de San Pablo Nuestro objetivo es&hellip;<\/p>\n","protected":false},"author":1,"featured_media":0,"parent":39,"menu_order":0,"comment_status":"closed","ping_status":"closed","template":"","meta":{"footnotes":""},"class_list":["post-65","page","type-page","status-publish","hentry"],"_links":{"self":[{"href":"https:\/\/san-hilario.es\/index.php\/wp-json\/wp\/v2\/pages\/65","targetHints":{"allow":["GET"]}}],"collection":[{"href":"https:\/\/san-hilario.es\/index.php\/wp-json\/wp\/v2\/pages"}],"about":[{"href":"https:\/\/san-hilario.es\/index.php\/wp-json\/wp\/v2\/types\/page"}],"author":[{"embeddable":true,"href":"https:\/\/san-hilario.es\/index.php\/wp-json\/wp\/v2\/users\/1"}],"replies":[{"embeddable":true,"href":"https:\/\/san-hilario.es\/index.php\/wp-json\/wp\/v2\/comments?post=65"}],"version-history":[{"count":5,"href":"https:\/\/san-hilario.es\/index.php\/wp-json\/wp\/v2\/pages\/65\/revisions"}],"predecessor-version":[{"id":1428,"href":"https:\/\/san-hilario.es\/index.php\/wp-json\/wp\/v2\/pages\/65\/revisions\/1428"}],"up":[{"embeddable":true,"href":"https:\/\/san-hilario.es\/index.php\/wp-json\/wp\/v2\/pages\/39"}],"wp:attachment":[{"href":"https:\/\/san-hilario.es\/index.php\/wp-json\/wp\/v2\/media?parent=65"}],"curies":[{"name":"wp","href":"https:\/\/api.w.org\/{rel}","templated":true}]}}