{"id":67,"date":"2020-08-27T17:23:10","date_gmt":"2020-08-27T15:23:10","guid":{"rendered":"http:\/\/san-hilario.es\/?page_id=67"},"modified":"2020-09-08T17:39:47","modified_gmt":"2020-09-08T15:39:47","slug":"vida-ascendente","status":"publish","type":"page","link":"https:\/\/san-hilario.es\/index.php\/formacion-cristiana-de-adultos\/vida-ascendente\/","title":{"rendered":"Vida Ascendente"},"content":{"rendered":"\n<h6 class=\"has-text-align-right wp-block-heading\">Horario: Mi\u00e9rcoles a las 17.45 h.<\/h6>\n\n\n\n<p><\/p>\n\n\n\n<p><strong>VIDA ASCENDENTE<\/strong> es un Movimiento Eclesial de Apostolado Seglar de Jubilados y Mayores, cuyo objetivo es llevar a los jubilados y mayores el mensaje evang\u00e9lico, para que estos puedan poner al servicio de este mensaje su caudal de fe, experiencia y tiempo.<\/p>\n\n\n\n<p><strong>Vida Ascendente se fundamenta en tres pilares:<\/strong><\/p>\n\n\n\n<ul class=\"wp-block-list\"><li><strong>ESPIRITUALIDAD:<\/strong> Una espiritualidad propia de seglares inmersos en el mundo y no fuera de \u00e9l, compartiendo fe, oraci\u00f3n y compromiso.<\/li><li><strong>APOSTOLADO:<\/strong> Un apostolado que no es proselitismo ni propaganda, sino poner sus fuerzas y experiencia al servicio de la Iglesia y de la sociedad.<\/li><li><strong>AMISTAD:<\/strong> Una amistad, como espacio de ayuda mutua. El grupo est\u00e1 formado por unas 20 personas. Se re\u00fane los mi\u00e9rcoles a las 17.45 h. Termina la reuni\u00f3n compartiendo caf\u00e9 y pastas.<\/li><\/ul>\n","protected":false},"excerpt":{"rendered":"<p>Horario: Mi\u00e9rcoles a las 17.45 h. VIDA ASCENDENTE es un Movimiento Eclesial de Apostolado Seglar de Jubilados y Mayores, cuyo&hellip;<\/p>\n","protected":false},"author":1,"featured_media":145,"parent":39,"menu_order":0,"comment_status":"closed","ping_status":"closed","template":"","meta":{"footnotes":""},"class_list":["post-67","page","type-page","status-publish","has-post-thumbnail","hentry"],"_links":{"self":[{"href":"https:\/\/san-hilario.es\/index.php\/wp-json\/wp\/v2\/pages\/67","targetHints":{"allow":["GET"]}}],"collection":[{"href":"https:\/\/san-hilario.es\/index.php\/wp-json\/wp\/v2\/pages"}],"about":[{"href":"https:\/\/san-hilario.es\/index.php\/wp-json\/wp\/v2\/types\/page"}],"author":[{"embeddable":true,"href":"https:\/\/san-hilario.es\/index.php\/wp-json\/wp\/v2\/users\/1"}],"replies":[{"embeddable":true,"href":"https:\/\/san-hilario.es\/index.php\/wp-json\/wp\/v2\/comments?post=67"}],"version-history":[{"count":4,"href":"https:\/\/san-hilario.es\/index.php\/wp-json\/wp\/v2\/pages\/67\/revisions"}],"predecessor-version":[{"id":776,"href":"https:\/\/san-hilario.es\/index.php\/wp-json\/wp\/v2\/pages\/67\/revisions\/776"}],"up":[{"embeddable":true,"href":"https:\/\/san-hilario.es\/index.php\/wp-json\/wp\/v2\/pages\/39"}],"wp:featuredmedia":[{"embeddable":true,"href":"https:\/\/san-hilario.es\/index.php\/wp-json\/wp\/v2\/media\/145"}],"wp:attachment":[{"href":"https:\/\/san-hilario.es\/index.php\/wp-json\/wp\/v2\/media?parent=67"}],"curies":[{"name":"wp","href":"https:\/\/api.w.org\/{rel}","templated":true}]}}