{"id":73,"date":"2020-09-24T21:02:32","date_gmt":"2020-09-24T19:02:32","guid":{"rendered":"http:\/\/san-hilario.es\/?page_id=73"},"modified":"2024-09-23T12:39:49","modified_gmt":"2024-09-23T10:39:49","slug":"oracion-de-taize","status":"publish","type":"page","link":"https:\/\/san-hilario.es\/index.php\/liturgia-y-oracion\/oracion-de-taize\/","title":{"rendered":"Oraci\u00f3n de Taiz\u00e9"},"content":{"rendered":"\n<p style=\"font-size:17px\"><em>\u201cPienso que desde mi juventud nunca me ha abandonado la intuici\u00f3n que una vida de comunidad pudiese ser el signo que Dios es amor y solamente amor\u201d<\/em> &#8211; Hermano Roger<\/p>\n\n\n\n<p style=\"font-size:19px\">Del 28 de diciembre de 2018 al 1 de enero de 2019, se celebr\u00f3 el encuentro europeo de j\u00f3venes de Taiz\u00e9 en Madrid y desde DELEJU se nos anim\u00f3 a ser parroquia de acogida.<br><br>Sin pensarlo mucho, un grupo de personas voluntarias dijimos s\u00ed. Las fechas eran complicadas y no sab\u00edamos c\u00f3mo saldr\u00eda todo, pero mereci\u00f3 la pena. Pudimos ver como el trabajo en equipo y el compromiso comunitario tienen una recompensa \u00fanica y realmente buena.<br><br>La apertura de las puertas tanto de la parroquia como de cada una de las casas de las familias que decidieron acoger las 90 personas j\u00f3venes, y no tan j\u00f3venes que las acompa\u00f1aban, que acudieron de distintas partes (Austria, Alemania, Ucrania, Hungr\u00eda, Lituania&#8230;) fue un fant\u00e1stico ejemplo de la actitud de constante \u00bfapertura? y acompa\u00f1amiento que buscamos en nuestra Comunidad.<br><br>El Esp\u00edritu toc\u00f3 el coraz\u00f3n a cada persona que particip\u00f3, que disfrut\u00f3, que apoy\u00f3&#8230; durante esos d\u00edas. Por eso, no quisimos dejar que esta experiencia \u00fanica que acab\u00e1bamos de vivir cayera en saco roto y con las brasas a\u00fan calientes en nuestro interior nos vimos empujados a continuar celebrando este estilo de oraci\u00f3n.<br><br>Seguimos junt\u00e1ndonos cada tercer domingo de mes a las 19:00 h. para orar en comunidad a modo de recuerdo por todo lo que sucedi\u00f3 durante aquellos d\u00edas.<br><br>Os animamos a venir y disfrutar de esta oportunidad para hacer una peque\u00f1a pero necesaria pausa del d\u00eda a d\u00eda tan fren\u00e9tico en el que vivimos y encontrarnos entre nosotros y con Dios.<\/p>\n\n\n\n<p class=\"has-text-align-right\" style=\"font-size:19px\">                                      <strong>Adri\u00e1n Cervera<\/strong><\/p>\n","protected":false},"excerpt":{"rendered":"<p>\u201cPienso que desde mi juventud nunca me ha abandonado la intuici\u00f3n que una vida de comunidad pudiese ser el signo&hellip;<\/p>\n","protected":false},"author":1,"featured_media":218,"parent":71,"menu_order":0,"comment_status":"closed","ping_status":"closed","template":"","meta":{"footnotes":""},"class_list":["post-73","page","type-page","status-publish","has-post-thumbnail","hentry"],"_links":{"self":[{"href":"https:\/\/san-hilario.es\/index.php\/wp-json\/wp\/v2\/pages\/73","targetHints":{"allow":["GET"]}}],"collection":[{"href":"https:\/\/san-hilario.es\/index.php\/wp-json\/wp\/v2\/pages"}],"about":[{"href":"https:\/\/san-hilario.es\/index.php\/wp-json\/wp\/v2\/types\/page"}],"author":[{"embeddable":true,"href":"https:\/\/san-hilario.es\/index.php\/wp-json\/wp\/v2\/users\/1"}],"replies":[{"embeddable":true,"href":"https:\/\/san-hilario.es\/index.php\/wp-json\/wp\/v2\/comments?post=73"}],"version-history":[{"count":4,"href":"https:\/\/san-hilario.es\/index.php\/wp-json\/wp\/v2\/pages\/73\/revisions"}],"predecessor-version":[{"id":1184,"href":"https:\/\/san-hilario.es\/index.php\/wp-json\/wp\/v2\/pages\/73\/revisions\/1184"}],"up":[{"embeddable":true,"href":"https:\/\/san-hilario.es\/index.php\/wp-json\/wp\/v2\/pages\/71"}],"wp:featuredmedia":[{"embeddable":true,"href":"https:\/\/san-hilario.es\/index.php\/wp-json\/wp\/v2\/media\/218"}],"wp:attachment":[{"href":"https:\/\/san-hilario.es\/index.php\/wp-json\/wp\/v2\/media?parent=73"}],"curies":[{"name":"wp","href":"https:\/\/api.w.org\/{rel}","templated":true}]}}