{"id":75,"date":"2020-09-15T17:27:39","date_gmt":"2020-09-15T15:27:39","guid":{"rendered":"http:\/\/san-hilario.es\/?page_id=75"},"modified":"2024-09-23T12:33:13","modified_gmt":"2024-09-23T10:33:13","slug":"oracion-comunitaria-ante-le-santisimo","status":"publish","type":"page","link":"https:\/\/san-hilario.es\/index.php\/liturgia-y-oracion\/oracion-comunitaria-ante-le-santisimo\/","title":{"rendered":"Oraci\u00f3n Comunitaria ante le Sant\u00edsimo"},"content":{"rendered":"\n<h6 class=\"wp-block-heading\"><em>Jes\u00fas nos dice: \u201cdonde dos o m\u00e1s est\u00e1n reunidos en mi nombre, all\u00ed estoy yo en medio de ellos\u201d. (Mt 18. 20)<\/em><\/h6>\n\n\n\n<p class=\"has-text-align-left\"><br>Todos los martes, a las 19:40 h. nos reunimos en la capilla, ante Jes\u00fas Sacramentado, para volver a meditar en el Evangelio del domingo anterior, con el fin de que el mensaje de Jes\u00fas, en el transcurrir de la semana, no se diluya sino que siga influyendo en nuestra manera de ser y actuar como disc\u00edpulos suyos.<\/p>\n\n\n\n<p>La oraci\u00f3n es vital en la vida del creyente, ella nos ayuda a sentir el amor que Dios nos tiene, a integrar fe y vida en nuestro vivir diario, a sentirnos Iglesia, a fortalecer el sentido comunitario, a dejarnos llenar de los sentimientos de Jes\u00fas y a renovar nuestro compromiso cristiano.<\/p>\n\n\n\n<p>El rato que pasamos en&nbsp; comunidad junto al Se\u00f1or, es un regalo de paz y sosiego que nos hacemos a nosotros mismos. Es un tiempo de di\u00e1logo con el Se\u00f1or que nos ayuda a dar cohesi\u00f3n&nbsp; a los distintos aspectos de nuestra existencia..&nbsp;<\/p>\n","protected":false},"excerpt":{"rendered":"<p>Jes\u00fas nos dice: \u201cdonde dos o m\u00e1s est\u00e1n reunidos en mi nombre, all\u00ed estoy yo en medio de ellos\u201d. (Mt&hellip;<\/p>\n","protected":false},"author":1,"featured_media":124,"parent":71,"menu_order":0,"comment_status":"closed","ping_status":"closed","template":"","meta":{"footnotes":""},"class_list":["post-75","page","type-page","status-publish","has-post-thumbnail","hentry"],"_links":{"self":[{"href":"https:\/\/san-hilario.es\/index.php\/wp-json\/wp\/v2\/pages\/75","targetHints":{"allow":["GET"]}}],"collection":[{"href":"https:\/\/san-hilario.es\/index.php\/wp-json\/wp\/v2\/pages"}],"about":[{"href":"https:\/\/san-hilario.es\/index.php\/wp-json\/wp\/v2\/types\/page"}],"author":[{"embeddable":true,"href":"https:\/\/san-hilario.es\/index.php\/wp-json\/wp\/v2\/users\/1"}],"replies":[{"embeddable":true,"href":"https:\/\/san-hilario.es\/index.php\/wp-json\/wp\/v2\/comments?post=75"}],"version-history":[{"count":13,"href":"https:\/\/san-hilario.es\/index.php\/wp-json\/wp\/v2\/pages\/75\/revisions"}],"predecessor-version":[{"id":1182,"href":"https:\/\/san-hilario.es\/index.php\/wp-json\/wp\/v2\/pages\/75\/revisions\/1182"}],"up":[{"embeddable":true,"href":"https:\/\/san-hilario.es\/index.php\/wp-json\/wp\/v2\/pages\/71"}],"wp:featuredmedia":[{"embeddable":true,"href":"https:\/\/san-hilario.es\/index.php\/wp-json\/wp\/v2\/media\/124"}],"wp:attachment":[{"href":"https:\/\/san-hilario.es\/index.php\/wp-json\/wp\/v2\/media?parent=75"}],"curies":[{"name":"wp","href":"https:\/\/api.w.org\/{rel}","templated":true}]}}