{"id":77,"date":"2020-08-27T17:28:21","date_gmt":"2020-08-27T15:28:21","guid":{"rendered":"http:\/\/san-hilario.es\/?page_id=77"},"modified":"2022-11-29T12:51:10","modified_gmt":"2022-11-29T11:51:10","slug":"grupo-de-liturgia","status":"publish","type":"page","link":"https:\/\/san-hilario.es\/index.php\/liturgia-y-oracion\/grupo-de-liturgia\/","title":{"rendered":"Grupo de Liturgia"},"content":{"rendered":"\n<h6 class=\"has-text-align-right wp-block-heading\">Horario: Mi\u00e9rcoles, de 20.15 a 21.30 h.<\/h6>\n\n\n\n<p><\/p>\n\n\n\n<p><strong>Formado por nueve personas, tiene como objetivos:<\/strong><\/p>\n\n\n\n<div class=\"wp-block-group\"><div class=\"wp-block-group__inner-container is-layout-flow wp-block-group-is-layout-flow\">\n<ul class=\"wp-block-list\"><li>Preparar la celebraci\u00f3n eucar\u00edstica dominical.<\/li><li>Reflexionar, profundizar y orar sobre las lecturas correspondientes a la liturgia del fin de semana.<\/li><li>Poner los cantos que m\u00e1s ayuden a profundizar el mensaje de la Palabra de Dios.<\/li><li>Preparar los tiempos fuertes de la liturgia, dando cohesi\u00f3n a todas las celebraciones, siguiendo las pautas marcadas en Asamblea Parroquial, de principio de curso, y el lema que nos acompa\u00f1a a lo largo de todo el curso.<\/li><li>Preparar las celebraciones especiales: Retiros, Vigilias de Oraci\u00f3n, Celebraci\u00f3n Comunitaria de la Penitencia, etc.<\/li><\/ul>\n<\/div><\/div>\n\n\n\n<p><strong>REUNI\u00d3N:<\/strong><\/p>\n\n\n\n<ul class=\"wp-block-list\"><li>Todos los mi\u00e9rcoles, de las 20.15 a las 21.30 h.<\/li><li>Reuniones especiales (Adviento-Navidad y Cuaresma-Pascua).<\/li><\/ul>\n","protected":false},"excerpt":{"rendered":"<p>Horario: Mi\u00e9rcoles, de 20.15 a 21.30 h. Formado por nueve personas, tiene como objetivos: Preparar la celebraci\u00f3n eucar\u00edstica dominical. Reflexionar,&hellip;<\/p>\n","protected":false},"author":1,"featured_media":201,"parent":71,"menu_order":0,"comment_status":"closed","ping_status":"closed","template":"","meta":{"footnotes":""},"class_list":["post-77","page","type-page","status-publish","has-post-thumbnail","hentry"],"_links":{"self":[{"href":"https:\/\/san-hilario.es\/index.php\/wp-json\/wp\/v2\/pages\/77","targetHints":{"allow":["GET"]}}],"collection":[{"href":"https:\/\/san-hilario.es\/index.php\/wp-json\/wp\/v2\/pages"}],"about":[{"href":"https:\/\/san-hilario.es\/index.php\/wp-json\/wp\/v2\/types\/page"}],"author":[{"embeddable":true,"href":"https:\/\/san-hilario.es\/index.php\/wp-json\/wp\/v2\/users\/1"}],"replies":[{"embeddable":true,"href":"https:\/\/san-hilario.es\/index.php\/wp-json\/wp\/v2\/comments?post=77"}],"version-history":[{"count":4,"href":"https:\/\/san-hilario.es\/index.php\/wp-json\/wp\/v2\/pages\/77\/revisions"}],"predecessor-version":[{"id":840,"href":"https:\/\/san-hilario.es\/index.php\/wp-json\/wp\/v2\/pages\/77\/revisions\/840"}],"up":[{"embeddable":true,"href":"https:\/\/san-hilario.es\/index.php\/wp-json\/wp\/v2\/pages\/71"}],"wp:featuredmedia":[{"embeddable":true,"href":"https:\/\/san-hilario.es\/index.php\/wp-json\/wp\/v2\/media\/201"}],"wp:attachment":[{"href":"https:\/\/san-hilario.es\/index.php\/wp-json\/wp\/v2\/media?parent=77"}],"curies":[{"name":"wp","href":"https:\/\/api.w.org\/{rel}","templated":true}]}}