{"id":85,"date":"2020-08-27T17:31:38","date_gmt":"2020-08-27T15:31:38","guid":{"rendered":"http:\/\/san-hilario.es\/?page_id=85"},"modified":"2020-09-14T18:42:13","modified_gmt":"2020-09-14T16:42:13","slug":"proyectos-solidarios","status":"publish","type":"page","link":"https:\/\/san-hilario.es\/index.php\/accion-social-y-caritativa\/proyectos-solidarios\/","title":{"rendered":"Proyectos Solidarios"},"content":{"rendered":"\n<p><strong>MANOS UNIDAS<\/strong><\/p>\n\n\n\n<p>Todos los a\u00f1os, colaboramos en un Proyecto Solidario de Manos Unidas, asumido por la Vicar\u00eda VI, no s\u00f3lo con la colecta destinada a este fin, en la Campa\u00f1a de lucha contra el Hambre, sino a lo largo de todo el a\u00f1o, dedicando al proyecto los beneficios obtenidos:<\/p>\n\n\n\n<ul class=\"wp-block-list\"><li>En la fiesta de clausura del final de curso, en el mes de junio.<\/li><li>Las colectas de las fiestas especiales de Navidad&nbsp; (Pascua, A\u00f1o nuevo y Reyes)<\/li><li>La venta de los objetos elaborados en el Taller de Manualidades, en el que participan unas veinte personas.<\/li><\/ul>\n\n\n\n<p>Este a\u00f1o se trata de un proyecto agr\u00edcola (peque\u00f1a agroindustria) con la que&nbsp; &nbsp;elaborar los propios productos, a fin de aumentar el beneficio con los que favorecer a unas 100 familias en CapHa\u00eftien (Hait\u00ed).<\/p>\n\n\n\n<p><strong>PROYECTO TEXTIL, C\u00c1RITAS MADRID<\/strong><\/p>\n\n\n\n<p>Colaboramos con C\u00e1ritas Diocesana de Madrid en el proyecto de reciclado de ropa de segunda mano, basado en criterios \u00e9ticos y en un modelo de econom\u00eda solidaria y sostenible, que genera empleo de inserci\u00f3n para personas en situaci\u00f3n de exclusi\u00f3n.<\/p>\n\n\n\n<p>Este proyecto, que nace bajo el lema \u201creciclamos ropa, insertamos personas\u201d, quiere poner en valor la importancia de re-coger, re-utilizar o re-ciclar para re-construir, re-iniciar, re-emplear o revivir, poniendo a la persona en el centro de la actividad. <\/p>\n\n\n\n<p>Puedes colaborar depositando tu ropa y zapatos de segunda mano, en los contenedores, situados en el aparcamiento de la Parroquia, para este fin.<\/p>\n\n\n\n<p><strong>ECOEMPLEO:<\/strong><\/p>\n\n\n\n<p>Colaboramos, con una parroquia de la zona, en la recogida de tapones (contenedor verde del aparcamiento), facilitando la creaci\u00f3n de alg\u00fan puesto de trabajo y la adquisici\u00f3n de peque\u00f1a maquinaria para su tratamiento.<\/p>\n\n\n\n<p><strong>BECAS COMEDOR<\/strong><\/p>\n\n\n\n<p>Los \u00faltimos a\u00f1os hemos colaborado con las parroquias del Arciprestazgo que, a trav\u00e9s de sus C\u00e1ritas, nos han solicitado becas-comedor, con las que asegurar una buena alimentaci\u00f3n a los ni\u00f1os\/as de familias en situaci\u00f3n de dificultad o exclusi\u00f3n social. Es muy probable que, tambi\u00e9n este curso, soliciten nuestra ayuda.<\/p>\n","protected":false},"excerpt":{"rendered":"<p>MANOS UNIDAS Todos los a\u00f1os, colaboramos en un Proyecto Solidario de Manos Unidas, asumido por la Vicar\u00eda VI, no s\u00f3lo&hellip;<\/p>\n","protected":false},"author":1,"featured_media":0,"parent":57,"menu_order":0,"comment_status":"closed","ping_status":"closed","template":"","meta":{"footnotes":""},"class_list":["post-85","page","type-page","status-publish","hentry"],"_links":{"self":[{"href":"https:\/\/san-hilario.es\/index.php\/wp-json\/wp\/v2\/pages\/85","targetHints":{"allow":["GET"]}}],"collection":[{"href":"https:\/\/san-hilario.es\/index.php\/wp-json\/wp\/v2\/pages"}],"about":[{"href":"https:\/\/san-hilario.es\/index.php\/wp-json\/wp\/v2\/types\/page"}],"author":[{"embeddable":true,"href":"https:\/\/san-hilario.es\/index.php\/wp-json\/wp\/v2\/users\/1"}],"replies":[{"embeddable":true,"href":"https:\/\/san-hilario.es\/index.php\/wp-json\/wp\/v2\/comments?post=85"}],"version-history":[{"count":4,"href":"https:\/\/san-hilario.es\/index.php\/wp-json\/wp\/v2\/pages\/85\/revisions"}],"predecessor-version":[{"id":323,"href":"https:\/\/san-hilario.es\/index.php\/wp-json\/wp\/v2\/pages\/85\/revisions\/323"}],"up":[{"embeddable":true,"href":"https:\/\/san-hilario.es\/index.php\/wp-json\/wp\/v2\/pages\/57"}],"wp:attachment":[{"href":"https:\/\/san-hilario.es\/index.php\/wp-json\/wp\/v2\/media?parent=85"}],"curies":[{"name":"wp","href":"https:\/\/api.w.org\/{rel}","templated":true}]}}