{"id":87,"date":"2020-08-27T17:34:15","date_gmt":"2020-08-27T15:34:15","guid":{"rendered":"http:\/\/san-hilario.es\/?page_id=87"},"modified":"2020-08-29T13:21:10","modified_gmt":"2020-08-29T11:21:10","slug":"consejos","status":"publish","type":"page","link":"https:\/\/san-hilario.es\/index.php\/consejos\/","title":{"rendered":"Consejos"},"content":{"rendered":"\n<p>Vivir es convivir. El deseo de Jes\u00fas fue crear comunidad, convivencia, fraternidad, que nadie quede descartado. Una parroquia-comunidad es mucho m\u00e1s que un sistema democr\u00e1tico, \u201chemos decidido el Esp\u00edritu Santo y nosotros\u201d (Libro de los Hechos). Cada miembro de la comunidad tiene su espacio y su funci\u00f3n, siempre buscando el bien de todos.<\/p>\n\n\n\n<p>En la parroquia, como forma pr\u00e1ctica de participaci\u00f3n y decisi\u00f3n, existe un <strong>CONSEJO PASTORAL y UN CONSEJO ECON\u00d3MICO<\/strong>:<\/p>\n\n\n\n<ul class=\"wp-block-list\"><li><strong>El Consejo Pastoral<\/strong> est\u00e1 formado por un representante de cada grupo, elegido por sus miembros, para un periodo de cuatro a\u00f1os. Su funci\u00f3n es coordinar, dinamizar y evaluar la Pastoral de la Parroquia. Reflexionar sobre las cuestiones que se van planteando en el d\u00eda a d\u00eda de la vida comunitaria, con el fin de darles la respuesta pastoral m\u00e1s adecuada. Preparar la Asamblea Parroquial de principio de curso, en la que se concretan las l\u00edneas pastorales a seguir durante el a\u00f1o.<\/li><\/ul>\n\n\n\n<ul class=\"wp-block-list\"><li><strong>El Consejo Econ\u00f3mico<\/strong> lleva la administraci\u00f3n y el control de gastos e ingresos. Da cuenta de ello a la propia comunidad y al Obispado, para presentar las cuentas ante el Ministerio de Hacienda, cumpliendo con las obligaciones fiscales.<\/li><\/ul>\n\n\n\n<p><\/p>\n","protected":false},"excerpt":{"rendered":"<p>Vivir es convivir. El deseo de Jes\u00fas fue crear comunidad, convivencia, fraternidad, que nadie quede descartado. Una parroquia-comunidad es mucho&hellip;<\/p>\n","protected":false},"author":1,"featured_media":130,"parent":0,"menu_order":0,"comment_status":"closed","ping_status":"closed","template":"","meta":{"footnotes":""},"class_list":["post-87","page","type-page","status-publish","has-post-thumbnail","hentry"],"_links":{"self":[{"href":"https:\/\/san-hilario.es\/index.php\/wp-json\/wp\/v2\/pages\/87","targetHints":{"allow":["GET"]}}],"collection":[{"href":"https:\/\/san-hilario.es\/index.php\/wp-json\/wp\/v2\/pages"}],"about":[{"href":"https:\/\/san-hilario.es\/index.php\/wp-json\/wp\/v2\/types\/page"}],"author":[{"embeddable":true,"href":"https:\/\/san-hilario.es\/index.php\/wp-json\/wp\/v2\/users\/1"}],"replies":[{"embeddable":true,"href":"https:\/\/san-hilario.es\/index.php\/wp-json\/wp\/v2\/comments?post=87"}],"version-history":[{"count":3,"href":"https:\/\/san-hilario.es\/index.php\/wp-json\/wp\/v2\/pages\/87\/revisions"}],"predecessor-version":[{"id":247,"href":"https:\/\/san-hilario.es\/index.php\/wp-json\/wp\/v2\/pages\/87\/revisions\/247"}],"wp:featuredmedia":[{"embeddable":true,"href":"https:\/\/san-hilario.es\/index.php\/wp-json\/wp\/v2\/media\/130"}],"wp:attachment":[{"href":"https:\/\/san-hilario.es\/index.php\/wp-json\/wp\/v2\/media?parent=87"}],"curies":[{"name":"wp","href":"https:\/\/api.w.org\/{rel}","templated":true}]}}